{"id":182,"date":"2023-12-20T19:42:17","date_gmt":"2023-12-20T19:42:17","guid":{"rendered":"https:\/\/uandbjobs.com\/imprint\/"},"modified":"2024-01-14T11:31:15","modified_gmt":"2024-01-14T11:31:15","slug":"impresszum","status":"publish","type":"page","link":"https:\/\/uandbjobs.com\/hu\/impresszum\/","title":{"rendered":"impresszum"},"content":{"rendered":"<p>orem ipsum dolor sit amet. At laborum quam ut omnis sapiente sit nesciunt quis qui amet laudantium. Non saepe maxime ab tempore consequatur ab voluptatibus quia. Et iure laborum aut nisi fugit aut laboriosam suscipit! Et exercitationem numquam hic sapiente officiis a labore delectus qui magni nesciunt ut omnis incidunt qui culpa magnam.<\/p>\n<p>Sed architecto natus et animi ipsam eum iste velit qui tenetur debitis est consectetur doloribus ut vero doloremque. Ut corrupti ipsam At Quis sapiente qui dolores iure vel veritatis consequatur.<\/p>\n<p>Et quae repellat qui dolore repudiandae qui tenetur odit sed dolor consequatur ut itaque laboriosam qui repellendus veritatis. Aut modi impedit qui ipsa aspernatur quo deserunt minima vel quod aliquid est nisi sunt?<\/p>\n","protected":false},"excerpt":{"rendered":"<p>orem ipsum dolor sit amet. At laborum quam ut omnis sapiente sit nesciunt quis qui amet laudantium. Non saepe maxime ab tempore consequatur ab voluptatibus quia. Et iure laborum aut nisi fugit aut laboriosam suscipit! Et exercitationem numquam hic sapiente officiis a labore delectus qui magni nesciunt ut omnis incidunt qui culpa magnam. Sed architecto [&hellip;]<\/p>\n","protected":false},"author":1,"featured_media":0,"parent":0,"menu_order":0,"comment_status":"closed","ping_status":"closed","template":"","meta":{"_acf_changed":false,"inline_featured_image":false,"footnotes":""},"class_list":["post-182","page","type-page","status-publish","hentry"],"acf":[],"yoast_head":"<!-- This site is optimized with the Yoast SEO Premium plugin v27.3 (Yoast SEO v27.6) - https:\/\/yoast.com\/product\/yoast-seo-premium-wordpress\/ -->\n<title>impresszum - UANDBJOBS<\/title>\n<meta name=\"robots\" content=\"index, follow, max-snippet:-1, max-image-preview:large, max-video-preview:-1\" \/>\n<link rel=\"canonical\" href=\"https:\/\/uandbjobs.com\/hu\/impresszum\/\" \/>\n<meta property=\"og:locale\" content=\"hu_HU\" \/>\n<meta property=\"og:type\" content=\"article\" \/>\n<meta property=\"og:title\" content=\"impresszum\" \/>\n<meta property=\"og:description\" content=\"orem ipsum dolor sit amet. At laborum quam ut omnis sapiente sit nesciunt quis qui amet laudantium. Non saepe maxime ab tempore consequatur ab voluptatibus quia. Et iure laborum aut nisi fugit aut laboriosam suscipit! Et exercitationem numquam hic sapiente officiis a labore delectus qui magni nesciunt ut omnis incidunt qui culpa magnam. Sed architecto [&hellip;]\" \/>\n<meta property=\"og:url\" content=\"https:\/\/uandbjobs.com\/hu\/impresszum\/\" \/>\n<meta property=\"og:site_name\" content=\"UANDBJOBS\" \/>\n<meta property=\"article:modified_time\" content=\"2024-01-14T11:31:15+00:00\" \/>\n<meta name=\"twitter:card\" content=\"summary_large_image\" \/>\n<meta name=\"twitter:label1\" content=\"Becs\u00fclt olvas\u00e1si id\u0151\" \/>\n\t<meta name=\"twitter:data1\" content=\"1 perc\" \/>\n<script type=\"application\/ld+json\" class=\"yoast-schema-graph\">{\"@context\":\"https:\\\/\\\/schema.org\",\"@graph\":[{\"@type\":\"WebPage\",\"@id\":\"https:\\\/\\\/uandbjobs.com\\\/hu\\\/impresszum\\\/\",\"url\":\"https:\\\/\\\/uandbjobs.com\\\/hu\\\/impresszum\\\/\",\"name\":\"impresszum - UANDBJOBS\",\"isPartOf\":{\"@id\":\"https:\\\/\\\/uandbjobs.com\\\/#website\"},\"datePublished\":\"2023-12-20T19:42:17+00:00\",\"dateModified\":\"2024-01-14T11:31:15+00:00\",\"breadcrumb\":{\"@id\":\"https:\\\/\\\/uandbjobs.com\\\/hu\\\/impresszum\\\/#breadcrumb\"},\"inLanguage\":\"hu\",\"potentialAction\":[{\"@type\":\"ReadAction\",\"target\":[\"https:\\\/\\\/uandbjobs.com\\\/hu\\\/impresszum\\\/\"]}]},{\"@type\":\"BreadcrumbList\",\"@id\":\"https:\\\/\\\/uandbjobs.com\\\/hu\\\/impresszum\\\/#breadcrumb\",\"itemListElement\":[{\"@type\":\"ListItem\",\"position\":1,\"name\":\"Home\",\"item\":\"https:\\\/\\\/uandbjobs.com\\\/hu\\\/\"},{\"@type\":\"ListItem\",\"position\":2,\"name\":\"impresszum\"}]},{\"@type\":\"WebSite\",\"@id\":\"https:\\\/\\\/uandbjobs.com\\\/#website\",\"url\":\"https:\\\/\\\/uandbjobs.com\\\/\",\"name\":\"UANDBJOBS\",\"description\":\"U&amp;B Jobs\",\"publisher\":{\"@id\":\"https:\\\/\\\/uandbjobs.com\\\/#organization\"},\"potentialAction\":[{\"@type\":\"SearchAction\",\"target\":{\"@type\":\"EntryPoint\",\"urlTemplate\":\"https:\\\/\\\/uandbjobs.com\\\/?s={search_term_string}\"},\"query-input\":{\"@type\":\"PropertyValueSpecification\",\"valueRequired\":true,\"valueName\":\"search_term_string\"}}],\"inLanguage\":\"hu\"},{\"@type\":\"Organization\",\"@id\":\"https:\\\/\\\/uandbjobs.com\\\/#organization\",\"name\":\"UANDBJOBS\",\"url\":\"https:\\\/\\\/uandbjobs.com\\\/\",\"logo\":{\"@type\":\"ImageObject\",\"inLanguage\":\"hu\",\"@id\":\"https:\\\/\\\/uandbjobs.com\\\/#\\\/schema\\\/logo\\\/image\\\/\",\"url\":\"https:\\\/\\\/uandbjobs.com\\\/wp-content\\\/uploads\\\/2023\\\/12\\\/cropped-local.png\",\"contentUrl\":\"https:\\\/\\\/uandbjobs.com\\\/wp-content\\\/uploads\\\/2023\\\/12\\\/cropped-local.png\",\"width\":512,\"height\":512,\"caption\":\"UANDBJOBS\"},\"image\":{\"@id\":\"https:\\\/\\\/uandbjobs.com\\\/#\\\/schema\\\/logo\\\/image\\\/\"}}]}<\/script>\n<!-- \/ Yoast SEO Premium plugin. -->","yoast_head_json":{"title":"impresszum - UANDBJOBS","robots":{"index":"index","follow":"follow","max-snippet":"max-snippet:-1","max-image-preview":"max-image-preview:large","max-video-preview":"max-video-preview:-1"},"canonical":"https:\/\/uandbjobs.com\/hu\/impresszum\/","og_locale":"hu_HU","og_type":"article","og_title":"impresszum","og_description":"orem ipsum dolor sit amet. At laborum quam ut omnis sapiente sit nesciunt quis qui amet laudantium. Non saepe maxime ab tempore consequatur ab voluptatibus quia. Et iure laborum aut nisi fugit aut laboriosam suscipit! Et exercitationem numquam hic sapiente officiis a labore delectus qui magni nesciunt ut omnis incidunt qui culpa magnam. Sed architecto [&hellip;]","og_url":"https:\/\/uandbjobs.com\/hu\/impresszum\/","og_site_name":"UANDBJOBS","article_modified_time":"2024-01-14T11:31:15+00:00","twitter_card":"summary_large_image","twitter_misc":{"Becs\u00fclt olvas\u00e1si id\u0151":"1 perc"},"schema":{"@context":"https:\/\/schema.org","@graph":[{"@type":"WebPage","@id":"https:\/\/uandbjobs.com\/hu\/impresszum\/","url":"https:\/\/uandbjobs.com\/hu\/impresszum\/","name":"impresszum - UANDBJOBS","isPartOf":{"@id":"https:\/\/uandbjobs.com\/#website"},"datePublished":"2023-12-20T19:42:17+00:00","dateModified":"2024-01-14T11:31:15+00:00","breadcrumb":{"@id":"https:\/\/uandbjobs.com\/hu\/impresszum\/#breadcrumb"},"inLanguage":"hu","potentialAction":[{"@type":"ReadAction","target":["https:\/\/uandbjobs.com\/hu\/impresszum\/"]}]},{"@type":"BreadcrumbList","@id":"https:\/\/uandbjobs.com\/hu\/impresszum\/#breadcrumb","itemListElement":[{"@type":"ListItem","position":1,"name":"Home","item":"https:\/\/uandbjobs.com\/hu\/"},{"@type":"ListItem","position":2,"name":"impresszum"}]},{"@type":"WebSite","@id":"https:\/\/uandbjobs.com\/#website","url":"https:\/\/uandbjobs.com\/","name":"UANDBJOBS","description":"U&amp;B Jobs","publisher":{"@id":"https:\/\/uandbjobs.com\/#organization"},"potentialAction":[{"@type":"SearchAction","target":{"@type":"EntryPoint","urlTemplate":"https:\/\/uandbjobs.com\/?s={search_term_string}"},"query-input":{"@type":"PropertyValueSpecification","valueRequired":true,"valueName":"search_term_string"}}],"inLanguage":"hu"},{"@type":"Organization","@id":"https:\/\/uandbjobs.com\/#organization","name":"UANDBJOBS","url":"https:\/\/uandbjobs.com\/","logo":{"@type":"ImageObject","inLanguage":"hu","@id":"https:\/\/uandbjobs.com\/#\/schema\/logo\/image\/","url":"https:\/\/uandbjobs.com\/wp-content\/uploads\/2023\/12\/cropped-local.png","contentUrl":"https:\/\/uandbjobs.com\/wp-content\/uploads\/2023\/12\/cropped-local.png","width":512,"height":512,"caption":"UANDBJOBS"},"image":{"@id":"https:\/\/uandbjobs.com\/#\/schema\/logo\/image\/"}}]}},"_links":{"self":[{"href":"https:\/\/uandbjobs.com\/hu\/wp-json\/wp\/v2\/pages\/182","targetHints":{"allow":["GET"]}}],"collection":[{"href":"https:\/\/uandbjobs.com\/hu\/wp-json\/wp\/v2\/pages"}],"about":[{"href":"https:\/\/uandbjobs.com\/hu\/wp-json\/wp\/v2\/types\/page"}],"author":[{"embeddable":true,"href":"https:\/\/uandbjobs.com\/hu\/wp-json\/wp\/v2\/users\/1"}],"replies":[{"embeddable":true,"href":"https:\/\/uandbjobs.com\/hu\/wp-json\/wp\/v2\/comments?post=182"}],"version-history":[{"count":1,"href":"https:\/\/uandbjobs.com\/hu\/wp-json\/wp\/v2\/pages\/182\/revisions"}],"predecessor-version":[{"id":204,"href":"https:\/\/uandbjobs.com\/hu\/wp-json\/wp\/v2\/pages\/182\/revisions\/204"}],"wp:attachment":[{"href":"https:\/\/uandbjobs.com\/hu\/wp-json\/wp\/v2\/media?parent=182"}],"curies":[{"name":"wp","href":"https:\/\/api.w.org\/{rel}","templated":true}]}}