{"id":189,"date":"2023-12-19T09:48:09","date_gmt":"2023-12-19T09:48:09","guid":{"rendered":"https:\/\/uandbjobs.com\/filipino-workers\/"},"modified":"2025-04-03T07:26:41","modified_gmt":"2025-04-03T07:26:41","slug":"filippino-dolgozok","status":"publish","type":"page","link":"https:\/\/uandbjobs.com\/hu\/filippino-dolgozok\/","title":{"rendered":"Filipp\u00edn\u00f3 dolgoz\u00f3k"},"content":{"rendered":"","protected":false},"excerpt":{"rendered":"","protected":false},"author":1,"featured_media":451,"parent":0,"menu_order":0,"comment_status":"closed","ping_status":"closed","template":"templates\/fiilipino.php","meta":{"_acf_changed":false,"inline_featured_image":false,"footnotes":""},"class_list":["post-189","page","type-page","status-publish","has-post-thumbnail","hentry"],"acf":[],"yoast_head":"<!-- This site is optimized with the Yoast SEO Premium plugin v27.3 (Yoast SEO v27.4) - https:\/\/yoast.com\/product\/yoast-seo-premium-wordpress\/ -->\n<title>Filipp\u00edn\u00f3 dolgoz\u00f3k - UANDBJOBS<\/title>\n<meta name=\"robots\" content=\"index, follow, max-snippet:-1, max-image-preview:large, max-video-preview:-1\" \/>\n<link rel=\"canonical\" href=\"https:\/\/uandbjobs.com\/hu\/filippino-dolgozok\/\" \/>\n<meta property=\"og:locale\" content=\"hu_HU\" \/>\n<meta property=\"og:type\" content=\"article\" \/>\n<meta property=\"og:title\" content=\"Filipp\u00edn\u00f3 dolgoz\u00f3k\" \/>\n<meta property=\"og:url\" content=\"https:\/\/uandbjobs.com\/hu\/filippino-dolgozok\/\" \/>\n<meta property=\"og:site_name\" content=\"UANDBJOBS\" \/>\n<meta property=\"article:modified_time\" content=\"2025-04-03T07:26:41+00:00\" \/>\n<meta property=\"og:image\" content=\"https:\/\/uandbjobs.com\/wp-content\/uploads\/2025\/03\/KJA_UAB_31012024_31-scaled.jpg\" \/>\n\t<meta property=\"og:image:width\" content=\"2560\" \/>\n\t<meta property=\"og:image:height\" content=\"1707\" \/>\n\t<meta property=\"og:image:type\" content=\"image\/jpeg\" \/>\n<meta name=\"twitter:card\" content=\"summary_large_image\" \/>\n<meta name=\"twitter:label1\" content=\"Becs\u00fclt olvas\u00e1si id\u0151\" \/>\n\t<meta name=\"twitter:data1\" content=\"2 perc\" \/>\n<script type=\"application\/ld+json\" class=\"yoast-schema-graph\">{\"@context\":\"https:\\\/\\\/schema.org\",\"@graph\":[{\"@type\":\"WebPage\",\"@id\":\"https:\\\/\\\/uandbjobs.com\\\/hu\\\/filippino-dolgozok\\\/\",\"url\":\"https:\\\/\\\/uandbjobs.com\\\/hu\\\/filippino-dolgozok\\\/\",\"name\":\"Filipp\u00edn\u00f3 dolgoz\u00f3k - UANDBJOBS\",\"isPartOf\":{\"@id\":\"https:\\\/\\\/uandbjobs.com\\\/#website\"},\"primaryImageOfPage\":{\"@id\":\"https:\\\/\\\/uandbjobs.com\\\/hu\\\/filippino-dolgozok\\\/#primaryimage\"},\"image\":{\"@id\":\"https:\\\/\\\/uandbjobs.com\\\/hu\\\/filippino-dolgozok\\\/#primaryimage\"},\"thumbnailUrl\":\"https:\\\/\\\/uandbjobs.com\\\/wp-content\\\/uploads\\\/2025\\\/03\\\/KJA_UAB_31012024_31-scaled.jpg\",\"datePublished\":\"2023-12-19T09:48:09+00:00\",\"dateModified\":\"2025-04-03T07:26:41+00:00\",\"breadcrumb\":{\"@id\":\"https:\\\/\\\/uandbjobs.com\\\/hu\\\/filippino-dolgozok\\\/#breadcrumb\"},\"inLanguage\":\"hu\",\"potentialAction\":[{\"@type\":\"ReadAction\",\"target\":[\"https:\\\/\\\/uandbjobs.com\\\/hu\\\/filippino-dolgozok\\\/\"]}]},{\"@type\":\"ImageObject\",\"inLanguage\":\"hu\",\"@id\":\"https:\\\/\\\/uandbjobs.com\\\/hu\\\/filippino-dolgozok\\\/#primaryimage\",\"url\":\"https:\\\/\\\/uandbjobs.com\\\/wp-content\\\/uploads\\\/2025\\\/03\\\/KJA_UAB_31012024_31-scaled.jpg\",\"contentUrl\":\"https:\\\/\\\/uandbjobs.com\\\/wp-content\\\/uploads\\\/2025\\\/03\\\/KJA_UAB_31012024_31-scaled.jpg\",\"width\":2560,\"height\":1707},{\"@type\":\"BreadcrumbList\",\"@id\":\"https:\\\/\\\/uandbjobs.com\\\/hu\\\/filippino-dolgozok\\\/#breadcrumb\",\"itemListElement\":[{\"@type\":\"ListItem\",\"position\":1,\"name\":\"Home\",\"item\":\"https:\\\/\\\/uandbjobs.com\\\/hu\\\/\"},{\"@type\":\"ListItem\",\"position\":2,\"name\":\"Filipp\u00edn\u00f3 dolgoz\u00f3k\"}]},{\"@type\":\"WebSite\",\"@id\":\"https:\\\/\\\/uandbjobs.com\\\/#website\",\"url\":\"https:\\\/\\\/uandbjobs.com\\\/\",\"name\":\"UANDBJOBS\",\"description\":\"U&amp;B Jobs\",\"publisher\":{\"@id\":\"https:\\\/\\\/uandbjobs.com\\\/#organization\"},\"potentialAction\":[{\"@type\":\"SearchAction\",\"target\":{\"@type\":\"EntryPoint\",\"urlTemplate\":\"https:\\\/\\\/uandbjobs.com\\\/?s={search_term_string}\"},\"query-input\":{\"@type\":\"PropertyValueSpecification\",\"valueRequired\":true,\"valueName\":\"search_term_string\"}}],\"inLanguage\":\"hu\"},{\"@type\":\"Organization\",\"@id\":\"https:\\\/\\\/uandbjobs.com\\\/#organization\",\"name\":\"UANDBJOBS\",\"url\":\"https:\\\/\\\/uandbjobs.com\\\/\",\"logo\":{\"@type\":\"ImageObject\",\"inLanguage\":\"hu\",\"@id\":\"https:\\\/\\\/uandbjobs.com\\\/#\\\/schema\\\/logo\\\/image\\\/\",\"url\":\"https:\\\/\\\/uandbjobs.com\\\/wp-content\\\/uploads\\\/2023\\\/12\\\/cropped-local.png\",\"contentUrl\":\"https:\\\/\\\/uandbjobs.com\\\/wp-content\\\/uploads\\\/2023\\\/12\\\/cropped-local.png\",\"width\":512,\"height\":512,\"caption\":\"UANDBJOBS\"},\"image\":{\"@id\":\"https:\\\/\\\/uandbjobs.com\\\/#\\\/schema\\\/logo\\\/image\\\/\"}}]}<\/script>\n<!-- \/ Yoast SEO Premium plugin. -->","yoast_head_json":{"title":"Filipp\u00edn\u00f3 dolgoz\u00f3k - UANDBJOBS","robots":{"index":"index","follow":"follow","max-snippet":"max-snippet:-1","max-image-preview":"max-image-preview:large","max-video-preview":"max-video-preview:-1"},"canonical":"https:\/\/uandbjobs.com\/hu\/filippino-dolgozok\/","og_locale":"hu_HU","og_type":"article","og_title":"Filipp\u00edn\u00f3 dolgoz\u00f3k","og_url":"https:\/\/uandbjobs.com\/hu\/filippino-dolgozok\/","og_site_name":"UANDBJOBS","article_modified_time":"2025-04-03T07:26:41+00:00","og_image":[{"width":2560,"height":1707,"url":"https:\/\/uandbjobs.com\/wp-content\/uploads\/2025\/03\/KJA_UAB_31012024_31-scaled.jpg","type":"image\/jpeg"}],"twitter_card":"summary_large_image","twitter_misc":{"Becs\u00fclt olvas\u00e1si id\u0151":"2 perc"},"schema":{"@context":"https:\/\/schema.org","@graph":[{"@type":"WebPage","@id":"https:\/\/uandbjobs.com\/hu\/filippino-dolgozok\/","url":"https:\/\/uandbjobs.com\/hu\/filippino-dolgozok\/","name":"Filipp\u00edn\u00f3 dolgoz\u00f3k - UANDBJOBS","isPartOf":{"@id":"https:\/\/uandbjobs.com\/#website"},"primaryImageOfPage":{"@id":"https:\/\/uandbjobs.com\/hu\/filippino-dolgozok\/#primaryimage"},"image":{"@id":"https:\/\/uandbjobs.com\/hu\/filippino-dolgozok\/#primaryimage"},"thumbnailUrl":"https:\/\/uandbjobs.com\/wp-content\/uploads\/2025\/03\/KJA_UAB_31012024_31-scaled.jpg","datePublished":"2023-12-19T09:48:09+00:00","dateModified":"2025-04-03T07:26:41+00:00","breadcrumb":{"@id":"https:\/\/uandbjobs.com\/hu\/filippino-dolgozok\/#breadcrumb"},"inLanguage":"hu","potentialAction":[{"@type":"ReadAction","target":["https:\/\/uandbjobs.com\/hu\/filippino-dolgozok\/"]}]},{"@type":"ImageObject","inLanguage":"hu","@id":"https:\/\/uandbjobs.com\/hu\/filippino-dolgozok\/#primaryimage","url":"https:\/\/uandbjobs.com\/wp-content\/uploads\/2025\/03\/KJA_UAB_31012024_31-scaled.jpg","contentUrl":"https:\/\/uandbjobs.com\/wp-content\/uploads\/2025\/03\/KJA_UAB_31012024_31-scaled.jpg","width":2560,"height":1707},{"@type":"BreadcrumbList","@id":"https:\/\/uandbjobs.com\/hu\/filippino-dolgozok\/#breadcrumb","itemListElement":[{"@type":"ListItem","position":1,"name":"Home","item":"https:\/\/uandbjobs.com\/hu\/"},{"@type":"ListItem","position":2,"name":"Filipp\u00edn\u00f3 dolgoz\u00f3k"}]},{"@type":"WebSite","@id":"https:\/\/uandbjobs.com\/#website","url":"https:\/\/uandbjobs.com\/","name":"UANDBJOBS","description":"U&amp;B Jobs","publisher":{"@id":"https:\/\/uandbjobs.com\/#organization"},"potentialAction":[{"@type":"SearchAction","target":{"@type":"EntryPoint","urlTemplate":"https:\/\/uandbjobs.com\/?s={search_term_string}"},"query-input":{"@type":"PropertyValueSpecification","valueRequired":true,"valueName":"search_term_string"}}],"inLanguage":"hu"},{"@type":"Organization","@id":"https:\/\/uandbjobs.com\/#organization","name":"UANDBJOBS","url":"https:\/\/uandbjobs.com\/","logo":{"@type":"ImageObject","inLanguage":"hu","@id":"https:\/\/uandbjobs.com\/#\/schema\/logo\/image\/","url":"https:\/\/uandbjobs.com\/wp-content\/uploads\/2023\/12\/cropped-local.png","contentUrl":"https:\/\/uandbjobs.com\/wp-content\/uploads\/2023\/12\/cropped-local.png","width":512,"height":512,"caption":"UANDBJOBS"},"image":{"@id":"https:\/\/uandbjobs.com\/#\/schema\/logo\/image\/"}}]}},"_links":{"self":[{"href":"https:\/\/uandbjobs.com\/hu\/wp-json\/wp\/v2\/pages\/189","targetHints":{"allow":["GET"]}}],"collection":[{"href":"https:\/\/uandbjobs.com\/hu\/wp-json\/wp\/v2\/pages"}],"about":[{"href":"https:\/\/uandbjobs.com\/hu\/wp-json\/wp\/v2\/types\/page"}],"author":[{"embeddable":true,"href":"https:\/\/uandbjobs.com\/hu\/wp-json\/wp\/v2\/users\/1"}],"replies":[{"embeddable":true,"href":"https:\/\/uandbjobs.com\/hu\/wp-json\/wp\/v2\/comments?post=189"}],"version-history":[{"count":9,"href":"https:\/\/uandbjobs.com\/hu\/wp-json\/wp\/v2\/pages\/189\/revisions"}],"predecessor-version":[{"id":494,"href":"https:\/\/uandbjobs.com\/hu\/wp-json\/wp\/v2\/pages\/189\/revisions\/494"}],"wp:featuredmedia":[{"embeddable":true,"href":"https:\/\/uandbjobs.com\/hu\/wp-json\/wp\/v2\/media\/451"}],"wp:attachment":[{"href":"https:\/\/uandbjobs.com\/hu\/wp-json\/wp\/v2\/media?parent=189"}],"curies":[{"name":"wp","href":"https:\/\/api.w.org\/{rel}","templated":true}]}}