{"id":190,"date":"2023-12-19T09:47:18","date_gmt":"2023-12-19T09:47:18","guid":{"rendered":"https:\/\/uandbjobs.com\/about\/"},"modified":"2025-04-03T07:06:33","modified_gmt":"2025-04-03T07:06:33","slug":"rolunk","status":"publish","type":"page","link":"https:\/\/uandbjobs.com\/hu\/rolunk\/","title":{"rendered":"R\u00f3lunk"},"content":{"rendered":"<h2>T\u00f6rt\u00e9net\u00fcnk<\/h2>\n<p>\u00c9vekkel ezel\u0151tt ugyanazzal az \u00f3ri\u00e1si probl\u00e9m\u00e1val n\u00e9zt\u00fcnk szembe, amivel \u00d6n is. Szinte k\u00e9ptelens\u00e9g volt min\u0151s\u00e9gi munkaer\u0151t tal\u00e1lnunk, f\u0151leg a fizikai poz\u00edci\u00f3kra, gyakorlatilag mindegy milyen fizet\u00e9st k\u00edn\u00e1ltunk. A legrelev\u00e1nsabban ez a takar\u00edt\u00f3 poz\u00edci\u00f3n\u00e1l jelentkezett, amely az orsz\u00e1g egyik vezet\u0151 r\u00f6vid t\u00e1v\u00fa b\u00e9rbead\u00e1ssal foglalkoz\u00f3 c\u00e9gek\u00e9nt, kritikus m\u0171k\u00f6d\u00e9s\u00fcnk szempontj\u00e1b\u00f3l. H\u00e1rom \u00e9ve egy ismerets\u00e9gen kereszt\u00fcl el\u0151sz\u00f6r ker\u00fcltek a l\u00e1t\u00f3k\u00f6r\u00f6mbe F\u00fcl\u00f6p-szigeteki munkav\u00e1llal\u00f3k, \u00e9s nyugat-eur\u00f3pai utaz\u00e1som sor\u00e1n l\u00e1ttam, hogy szinte mindenhol \u0151k azok, akik a munkaer\u0151 g\u00e1rda legjobb tagjait adt\u00e1k a turizmus \u00e9s vend\u00e9gl\u00e1t\u00e1s ter\u00fclet\u00e9n. K\u00e9t \u00e9vvel ezel\u0151tt pedig \u00fagy d\u00f6nt\u00f6ttem szem\u00e9lyesen fogok kil\u00e1togatni \u00e9s mindent elk\u00f6vetni az\u00e9rt, hogy n\u00e1lunk is olyan pozitivit\u00e1ssal teli, szorgalmas \u00e9s j\u00f3 \u00e9rtelemben vett al\u00e1zatos, seg\u00edteni sz\u00e1nd\u00e9koz\u00f3 dolgoz\u00f3k legyenek, mint akiket B\u00e9csben l\u00e1ttam. M\u00e1ra m\u00e1r t\u00f6bb k\u00f6r ut\u00e1n 20+ F\u00fcl\u00f6p-szigeteki takar\u00edt\u00f3 \u00e9s karbantart\u00f3 er\u0151s\u00edti a csapatunkat \u00e9s az egyik legjobb dolgoz\u00f3inkk\u00e1 v\u00e1ltak.<\/p>\n<p>M\u00e1ra alaposan kiismert\u00fck a teljes toborz\u00e1si \u00e9s munkaer\u0151 behozatali folyamatot, kitanulva annak titkait, lehets\u00e9ges buktat\u00f3it \u00e9s hogy mik\u00e9nt lehet t\u00e9nyleg min\u0151s\u00e9gi munkaer\u0151t szerezni. Siker\u00fclt olyan kapcsolati t\u0151k\u00e9re \u00e9s a ter\u00fclet legjobb szakembereire is r\u00e1leln\u00fcnk mind a F\u00fcl\u00f6p-szigeteken, mind idehaza, akik akt\u00edvan dolgoznak vel\u00fcnk azon, hogy a teljes folyamat a lehet\u0151 legz\u00f6kken\u0151mentesebben \u00e9s gyorsabban tudjon lezajlani, a dolgoz\u00f3k pedig megfelel\u0151en orient\u00e1ltan \u00e9rkezzenek.<\/p>\n<p>-Rege Mih\u00e1ly , <em>CEO<\/em><\/p>\n","protected":false},"excerpt":{"rendered":"<p>T\u00f6rt\u00e9net\u00fcnk \u00c9vekkel ezel\u0151tt ugyanazzal az \u00f3ri\u00e1si probl\u00e9m\u00e1val n\u00e9zt\u00fcnk szembe, amivel \u00d6n is. Szinte k\u00e9ptelens\u00e9g volt min\u0151s\u00e9gi munkaer\u0151t tal\u00e1lnunk, f\u0151leg a fizikai poz\u00edci\u00f3kra, gyakorlatilag mindegy milyen fizet\u00e9st k\u00edn\u00e1ltunk. A legrelev\u00e1nsabban ez a takar\u00edt\u00f3 poz\u00edci\u00f3n\u00e1l jelentkezett, amely az orsz\u00e1g egyik vezet\u0151 r\u00f6vid t\u00e1v\u00fa b\u00e9rbead\u00e1ssal foglalkoz\u00f3 c\u00e9gek\u00e9nt, kritikus m\u0171k\u00f6d\u00e9s\u00fcnk szempontj\u00e1b\u00f3l. H\u00e1rom \u00e9ve egy ismerets\u00e9gen kereszt\u00fcl el\u0151sz\u00f6r ker\u00fcltek a [&hellip;]<\/p>\n","protected":false},"author":1,"featured_media":431,"parent":0,"menu_order":0,"comment_status":"closed","ping_status":"closed","template":"templates\/about.php","meta":{"_acf_changed":false,"inline_featured_image":false,"footnotes":""},"class_list":["post-190","page","type-page","status-publish","has-post-thumbnail","hentry"],"acf":[],"yoast_head":"<!-- This site is optimized with the Yoast SEO Premium plugin v27.3 (Yoast SEO v27.4) - https:\/\/yoast.com\/product\/yoast-seo-premium-wordpress\/ -->\n<title>R\u00f3lunk - UANDBJOBS<\/title>\n<meta name=\"robots\" content=\"index, follow, max-snippet:-1, max-image-preview:large, max-video-preview:-1\" \/>\n<link rel=\"canonical\" href=\"https:\/\/uandbjobs.com\/hu\/rolunk\/\" \/>\n<meta property=\"og:locale\" content=\"hu_HU\" \/>\n<meta property=\"og:type\" content=\"article\" \/>\n<meta property=\"og:title\" content=\"R\u00f3lunk\" \/>\n<meta property=\"og:description\" content=\"T\u00f6rt\u00e9net\u00fcnk \u00c9vekkel ezel\u0151tt ugyanazzal az \u00f3ri\u00e1si probl\u00e9m\u00e1val n\u00e9zt\u00fcnk szembe, amivel \u00d6n is. Szinte k\u00e9ptelens\u00e9g volt min\u0151s\u00e9gi munkaer\u0151t tal\u00e1lnunk, f\u0151leg a fizikai poz\u00edci\u00f3kra, gyakorlatilag mindegy milyen fizet\u00e9st k\u00edn\u00e1ltunk. A legrelev\u00e1nsabban ez a takar\u00edt\u00f3 poz\u00edci\u00f3n\u00e1l jelentkezett, amely az orsz\u00e1g egyik vezet\u0151 r\u00f6vid t\u00e1v\u00fa b\u00e9rbead\u00e1ssal foglalkoz\u00f3 c\u00e9gek\u00e9nt, kritikus m\u0171k\u00f6d\u00e9s\u00fcnk szempontj\u00e1b\u00f3l. H\u00e1rom \u00e9ve egy ismerets\u00e9gen kereszt\u00fcl el\u0151sz\u00f6r ker\u00fcltek a [&hellip;]\" \/>\n<meta property=\"og:url\" content=\"https:\/\/uandbjobs.com\/hu\/rolunk\/\" \/>\n<meta property=\"og:site_name\" content=\"UANDBJOBS\" \/>\n<meta property=\"article:modified_time\" content=\"2025-04-03T07:06:33+00:00\" \/>\n<meta property=\"og:image\" content=\"https:\/\/uandbjobs.com\/wp-content\/uploads\/2025\/03\/KJA_UAB_31012024_05-scaled.jpg\" \/>\n\t<meta property=\"og:image:width\" content=\"2560\" \/>\n\t<meta property=\"og:image:height\" content=\"1707\" \/>\n\t<meta property=\"og:image:type\" content=\"image\/jpeg\" \/>\n<meta name=\"twitter:card\" content=\"summary_large_image\" \/>\n<meta name=\"twitter:label1\" content=\"Becs\u00fclt olvas\u00e1si id\u0151\" \/>\n\t<meta name=\"twitter:data1\" content=\"3 perc\" \/>\n<script type=\"application\/ld+json\" class=\"yoast-schema-graph\">{\"@context\":\"https:\\\/\\\/schema.org\",\"@graph\":[{\"@type\":\"WebPage\",\"@id\":\"https:\\\/\\\/uandbjobs.com\\\/hu\\\/rolunk\\\/\",\"url\":\"https:\\\/\\\/uandbjobs.com\\\/hu\\\/rolunk\\\/\",\"name\":\"R\u00f3lunk - UANDBJOBS\",\"isPartOf\":{\"@id\":\"https:\\\/\\\/uandbjobs.com\\\/#website\"},\"primaryImageOfPage\":{\"@id\":\"https:\\\/\\\/uandbjobs.com\\\/hu\\\/rolunk\\\/#primaryimage\"},\"image\":{\"@id\":\"https:\\\/\\\/uandbjobs.com\\\/hu\\\/rolunk\\\/#primaryimage\"},\"thumbnailUrl\":\"https:\\\/\\\/uandbjobs.com\\\/wp-content\\\/uploads\\\/2025\\\/03\\\/KJA_UAB_31012024_05-scaled.jpg\",\"datePublished\":\"2023-12-19T09:47:18+00:00\",\"dateModified\":\"2025-04-03T07:06:33+00:00\",\"breadcrumb\":{\"@id\":\"https:\\\/\\\/uandbjobs.com\\\/hu\\\/rolunk\\\/#breadcrumb\"},\"inLanguage\":\"hu\",\"potentialAction\":[{\"@type\":\"ReadAction\",\"target\":[\"https:\\\/\\\/uandbjobs.com\\\/hu\\\/rolunk\\\/\"]}]},{\"@type\":\"ImageObject\",\"inLanguage\":\"hu\",\"@id\":\"https:\\\/\\\/uandbjobs.com\\\/hu\\\/rolunk\\\/#primaryimage\",\"url\":\"https:\\\/\\\/uandbjobs.com\\\/wp-content\\\/uploads\\\/2025\\\/03\\\/KJA_UAB_31012024_05-scaled.jpg\",\"contentUrl\":\"https:\\\/\\\/uandbjobs.com\\\/wp-content\\\/uploads\\\/2025\\\/03\\\/KJA_UAB_31012024_05-scaled.jpg\",\"width\":2560,\"height\":1707},{\"@type\":\"BreadcrumbList\",\"@id\":\"https:\\\/\\\/uandbjobs.com\\\/hu\\\/rolunk\\\/#breadcrumb\",\"itemListElement\":[{\"@type\":\"ListItem\",\"position\":1,\"name\":\"Home\",\"item\":\"https:\\\/\\\/uandbjobs.com\\\/hu\\\/\"},{\"@type\":\"ListItem\",\"position\":2,\"name\":\"R\u00f3lunk\"}]},{\"@type\":\"WebSite\",\"@id\":\"https:\\\/\\\/uandbjobs.com\\\/#website\",\"url\":\"https:\\\/\\\/uandbjobs.com\\\/\",\"name\":\"UANDBJOBS\",\"description\":\"U&amp;B Jobs\",\"publisher\":{\"@id\":\"https:\\\/\\\/uandbjobs.com\\\/#organization\"},\"potentialAction\":[{\"@type\":\"SearchAction\",\"target\":{\"@type\":\"EntryPoint\",\"urlTemplate\":\"https:\\\/\\\/uandbjobs.com\\\/?s={search_term_string}\"},\"query-input\":{\"@type\":\"PropertyValueSpecification\",\"valueRequired\":true,\"valueName\":\"search_term_string\"}}],\"inLanguage\":\"hu\"},{\"@type\":\"Organization\",\"@id\":\"https:\\\/\\\/uandbjobs.com\\\/#organization\",\"name\":\"UANDBJOBS\",\"url\":\"https:\\\/\\\/uandbjobs.com\\\/\",\"logo\":{\"@type\":\"ImageObject\",\"inLanguage\":\"hu\",\"@id\":\"https:\\\/\\\/uandbjobs.com\\\/#\\\/schema\\\/logo\\\/image\\\/\",\"url\":\"https:\\\/\\\/uandbjobs.com\\\/wp-content\\\/uploads\\\/2023\\\/12\\\/cropped-local.png\",\"contentUrl\":\"https:\\\/\\\/uandbjobs.com\\\/wp-content\\\/uploads\\\/2023\\\/12\\\/cropped-local.png\",\"width\":512,\"height\":512,\"caption\":\"UANDBJOBS\"},\"image\":{\"@id\":\"https:\\\/\\\/uandbjobs.com\\\/#\\\/schema\\\/logo\\\/image\\\/\"}}]}<\/script>\n<!-- \/ Yoast SEO Premium plugin. -->","yoast_head_json":{"title":"R\u00f3lunk - UANDBJOBS","robots":{"index":"index","follow":"follow","max-snippet":"max-snippet:-1","max-image-preview":"max-image-preview:large","max-video-preview":"max-video-preview:-1"},"canonical":"https:\/\/uandbjobs.com\/hu\/rolunk\/","og_locale":"hu_HU","og_type":"article","og_title":"R\u00f3lunk","og_description":"T\u00f6rt\u00e9net\u00fcnk \u00c9vekkel ezel\u0151tt ugyanazzal az \u00f3ri\u00e1si probl\u00e9m\u00e1val n\u00e9zt\u00fcnk szembe, amivel \u00d6n is. Szinte k\u00e9ptelens\u00e9g volt min\u0151s\u00e9gi munkaer\u0151t tal\u00e1lnunk, f\u0151leg a fizikai poz\u00edci\u00f3kra, gyakorlatilag mindegy milyen fizet\u00e9st k\u00edn\u00e1ltunk. A legrelev\u00e1nsabban ez a takar\u00edt\u00f3 poz\u00edci\u00f3n\u00e1l jelentkezett, amely az orsz\u00e1g egyik vezet\u0151 r\u00f6vid t\u00e1v\u00fa b\u00e9rbead\u00e1ssal foglalkoz\u00f3 c\u00e9gek\u00e9nt, kritikus m\u0171k\u00f6d\u00e9s\u00fcnk szempontj\u00e1b\u00f3l. H\u00e1rom \u00e9ve egy ismerets\u00e9gen kereszt\u00fcl el\u0151sz\u00f6r ker\u00fcltek a [&hellip;]","og_url":"https:\/\/uandbjobs.com\/hu\/rolunk\/","og_site_name":"UANDBJOBS","article_modified_time":"2025-04-03T07:06:33+00:00","og_image":[{"width":2560,"height":1707,"url":"https:\/\/uandbjobs.com\/wp-content\/uploads\/2025\/03\/KJA_UAB_31012024_05-scaled.jpg","type":"image\/jpeg"}],"twitter_card":"summary_large_image","twitter_misc":{"Becs\u00fclt olvas\u00e1si id\u0151":"3 perc"},"schema":{"@context":"https:\/\/schema.org","@graph":[{"@type":"WebPage","@id":"https:\/\/uandbjobs.com\/hu\/rolunk\/","url":"https:\/\/uandbjobs.com\/hu\/rolunk\/","name":"R\u00f3lunk - UANDBJOBS","isPartOf":{"@id":"https:\/\/uandbjobs.com\/#website"},"primaryImageOfPage":{"@id":"https:\/\/uandbjobs.com\/hu\/rolunk\/#primaryimage"},"image":{"@id":"https:\/\/uandbjobs.com\/hu\/rolunk\/#primaryimage"},"thumbnailUrl":"https:\/\/uandbjobs.com\/wp-content\/uploads\/2025\/03\/KJA_UAB_31012024_05-scaled.jpg","datePublished":"2023-12-19T09:47:18+00:00","dateModified":"2025-04-03T07:06:33+00:00","breadcrumb":{"@id":"https:\/\/uandbjobs.com\/hu\/rolunk\/#breadcrumb"},"inLanguage":"hu","potentialAction":[{"@type":"ReadAction","target":["https:\/\/uandbjobs.com\/hu\/rolunk\/"]}]},{"@type":"ImageObject","inLanguage":"hu","@id":"https:\/\/uandbjobs.com\/hu\/rolunk\/#primaryimage","url":"https:\/\/uandbjobs.com\/wp-content\/uploads\/2025\/03\/KJA_UAB_31012024_05-scaled.jpg","contentUrl":"https:\/\/uandbjobs.com\/wp-content\/uploads\/2025\/03\/KJA_UAB_31012024_05-scaled.jpg","width":2560,"height":1707},{"@type":"BreadcrumbList","@id":"https:\/\/uandbjobs.com\/hu\/rolunk\/#breadcrumb","itemListElement":[{"@type":"ListItem","position":1,"name":"Home","item":"https:\/\/uandbjobs.com\/hu\/"},{"@type":"ListItem","position":2,"name":"R\u00f3lunk"}]},{"@type":"WebSite","@id":"https:\/\/uandbjobs.com\/#website","url":"https:\/\/uandbjobs.com\/","name":"UANDBJOBS","description":"U&amp;B Jobs","publisher":{"@id":"https:\/\/uandbjobs.com\/#organization"},"potentialAction":[{"@type":"SearchAction","target":{"@type":"EntryPoint","urlTemplate":"https:\/\/uandbjobs.com\/?s={search_term_string}"},"query-input":{"@type":"PropertyValueSpecification","valueRequired":true,"valueName":"search_term_string"}}],"inLanguage":"hu"},{"@type":"Organization","@id":"https:\/\/uandbjobs.com\/#organization","name":"UANDBJOBS","url":"https:\/\/uandbjobs.com\/","logo":{"@type":"ImageObject","inLanguage":"hu","@id":"https:\/\/uandbjobs.com\/#\/schema\/logo\/image\/","url":"https:\/\/uandbjobs.com\/wp-content\/uploads\/2023\/12\/cropped-local.png","contentUrl":"https:\/\/uandbjobs.com\/wp-content\/uploads\/2023\/12\/cropped-local.png","width":512,"height":512,"caption":"UANDBJOBS"},"image":{"@id":"https:\/\/uandbjobs.com\/#\/schema\/logo\/image\/"}}]}},"_links":{"self":[{"href":"https:\/\/uandbjobs.com\/hu\/wp-json\/wp\/v2\/pages\/190","targetHints":{"allow":["GET"]}}],"collection":[{"href":"https:\/\/uandbjobs.com\/hu\/wp-json\/wp\/v2\/pages"}],"about":[{"href":"https:\/\/uandbjobs.com\/hu\/wp-json\/wp\/v2\/types\/page"}],"author":[{"embeddable":true,"href":"https:\/\/uandbjobs.com\/hu\/wp-json\/wp\/v2\/users\/1"}],"replies":[{"embeddable":true,"href":"https:\/\/uandbjobs.com\/hu\/wp-json\/wp\/v2\/comments?post=190"}],"version-history":[{"count":16,"href":"https:\/\/uandbjobs.com\/hu\/wp-json\/wp\/v2\/pages\/190\/revisions"}],"predecessor-version":[{"id":489,"href":"https:\/\/uandbjobs.com\/hu\/wp-json\/wp\/v2\/pages\/190\/revisions\/489"}],"wp:featuredmedia":[{"embeddable":true,"href":"https:\/\/uandbjobs.com\/hu\/wp-json\/wp\/v2\/media\/431"}],"wp:attachment":[{"href":"https:\/\/uandbjobs.com\/hu\/wp-json\/wp\/v2\/media?parent=190"}],"curies":[{"name":"wp","href":"https:\/\/api.w.org\/{rel}","templated":true}]}}