{"id":191,"date":"2023-12-19T09:29:25","date_gmt":"2023-12-19T09:29:25","guid":{"rendered":"https:\/\/uandbjobs.com\/sample-page\/"},"modified":"2025-04-29T08:20:09","modified_gmt":"2025-04-29T08:20:09","slug":"sample-page","status":"publish","type":"page","link":"https:\/\/uandbjobs.com\/hu\/","title":{"rendered":"Kezd\u0151lap"},"content":{"rendered":"","protected":false},"excerpt":{"rendered":"","protected":false},"author":1,"featured_media":0,"parent":0,"menu_order":0,"comment_status":"closed","ping_status":"open","template":"","meta":{"_acf_changed":false,"inline_featured_image":false,"footnotes":""},"class_list":["post-191","page","type-page","status-publish","hentry"],"acf":[],"yoast_head":"<!-- This site is optimized with the Yoast SEO Premium plugin v27.3 (Yoast SEO v27.6) - https:\/\/yoast.com\/product\/yoast-seo-premium-wordpress\/ -->\n<title>Kezd\u0151lap - UANDBJOBS<\/title>\n<meta name=\"robots\" content=\"index, follow, max-snippet:-1, max-image-preview:large, max-video-preview:-1\" \/>\n<link rel=\"canonical\" href=\"https:\/\/uandbjobs.com\/hu\/\" \/>\n<meta property=\"og:locale\" content=\"hu_HU\" \/>\n<meta property=\"og:type\" content=\"article\" \/>\n<meta property=\"og:title\" content=\"Kezd\u0151lap\" \/>\n<meta property=\"og:url\" content=\"https:\/\/uandbjobs.com\/hu\/\" \/>\n<meta property=\"og:site_name\" content=\"UANDBJOBS\" \/>\n<meta property=\"article:modified_time\" content=\"2025-04-29T08:20:09+00:00\" \/>\n<meta name=\"twitter:card\" content=\"summary_large_image\" \/>\n<meta name=\"twitter:label1\" content=\"Becs\u00fclt olvas\u00e1si id\u0151\" \/>\n\t<meta name=\"twitter:data1\" content=\"10 perc\" \/>\n<script type=\"application\/ld+json\" class=\"yoast-schema-graph\">{\"@context\":\"https:\\\/\\\/schema.org\",\"@graph\":[{\"@type\":\"WebPage\",\"@id\":\"https:\\\/\\\/uandbjobs.com\\\/hu\\\/\",\"url\":\"https:\\\/\\\/uandbjobs.com\\\/hu\\\/\",\"name\":\"Kezd\u0151lap - UANDBJOBS\",\"isPartOf\":{\"@id\":\"https:\\\/\\\/uandbjobs.com\\\/#website\"},\"datePublished\":\"2023-12-19T09:29:25+00:00\",\"dateModified\":\"2025-04-29T08:20:09+00:00\",\"breadcrumb\":{\"@id\":\"https:\\\/\\\/uandbjobs.com\\\/hu\\\/#breadcrumb\"},\"inLanguage\":\"hu\",\"potentialAction\":[{\"@type\":\"ReadAction\",\"target\":[\"https:\\\/\\\/uandbjobs.com\\\/hu\\\/\"]}]},{\"@type\":\"BreadcrumbList\",\"@id\":\"https:\\\/\\\/uandbjobs.com\\\/hu\\\/#breadcrumb\",\"itemListElement\":[{\"@type\":\"ListItem\",\"position\":1,\"name\":\"Home\",\"item\":\"https:\\\/\\\/uandbjobs.com\\\/hu\\\/\"},{\"@type\":\"ListItem\",\"position\":2,\"name\":\"Kezd\u0151lap\"}]},{\"@type\":\"WebSite\",\"@id\":\"https:\\\/\\\/uandbjobs.com\\\/#website\",\"url\":\"https:\\\/\\\/uandbjobs.com\\\/\",\"name\":\"UANDBJOBS\",\"description\":\"U&amp;B Jobs\",\"publisher\":{\"@id\":\"https:\\\/\\\/uandbjobs.com\\\/#organization\"},\"potentialAction\":[{\"@type\":\"SearchAction\",\"target\":{\"@type\":\"EntryPoint\",\"urlTemplate\":\"https:\\\/\\\/uandbjobs.com\\\/?s={search_term_string}\"},\"query-input\":{\"@type\":\"PropertyValueSpecification\",\"valueRequired\":true,\"valueName\":\"search_term_string\"}}],\"inLanguage\":\"hu\"},{\"@type\":\"Organization\",\"@id\":\"https:\\\/\\\/uandbjobs.com\\\/#organization\",\"name\":\"UANDBJOBS\",\"url\":\"https:\\\/\\\/uandbjobs.com\\\/\",\"logo\":{\"@type\":\"ImageObject\",\"inLanguage\":\"hu\",\"@id\":\"https:\\\/\\\/uandbjobs.com\\\/#\\\/schema\\\/logo\\\/image\\\/\",\"url\":\"https:\\\/\\\/uandbjobs.com\\\/wp-content\\\/uploads\\\/2023\\\/12\\\/cropped-local.png\",\"contentUrl\":\"https:\\\/\\\/uandbjobs.com\\\/wp-content\\\/uploads\\\/2023\\\/12\\\/cropped-local.png\",\"width\":512,\"height\":512,\"caption\":\"UANDBJOBS\"},\"image\":{\"@id\":\"https:\\\/\\\/uandbjobs.com\\\/#\\\/schema\\\/logo\\\/image\\\/\"}}]}<\/script>\n<!-- \/ Yoast SEO Premium plugin. -->","yoast_head_json":{"title":"Kezd\u0151lap - UANDBJOBS","robots":{"index":"index","follow":"follow","max-snippet":"max-snippet:-1","max-image-preview":"max-image-preview:large","max-video-preview":"max-video-preview:-1"},"canonical":"https:\/\/uandbjobs.com\/hu\/","og_locale":"hu_HU","og_type":"article","og_title":"Kezd\u0151lap","og_url":"https:\/\/uandbjobs.com\/hu\/","og_site_name":"UANDBJOBS","article_modified_time":"2025-04-29T08:20:09+00:00","twitter_card":"summary_large_image","twitter_misc":{"Becs\u00fclt olvas\u00e1si id\u0151":"10 perc"},"schema":{"@context":"https:\/\/schema.org","@graph":[{"@type":"WebPage","@id":"https:\/\/uandbjobs.com\/hu\/","url":"https:\/\/uandbjobs.com\/hu\/","name":"Kezd\u0151lap - UANDBJOBS","isPartOf":{"@id":"https:\/\/uandbjobs.com\/#website"},"datePublished":"2023-12-19T09:29:25+00:00","dateModified":"2025-04-29T08:20:09+00:00","breadcrumb":{"@id":"https:\/\/uandbjobs.com\/hu\/#breadcrumb"},"inLanguage":"hu","potentialAction":[{"@type":"ReadAction","target":["https:\/\/uandbjobs.com\/hu\/"]}]},{"@type":"BreadcrumbList","@id":"https:\/\/uandbjobs.com\/hu\/#breadcrumb","itemListElement":[{"@type":"ListItem","position":1,"name":"Home","item":"https:\/\/uandbjobs.com\/hu\/"},{"@type":"ListItem","position":2,"name":"Kezd\u0151lap"}]},{"@type":"WebSite","@id":"https:\/\/uandbjobs.com\/#website","url":"https:\/\/uandbjobs.com\/","name":"UANDBJOBS","description":"U&amp;B Jobs","publisher":{"@id":"https:\/\/uandbjobs.com\/#organization"},"potentialAction":[{"@type":"SearchAction","target":{"@type":"EntryPoint","urlTemplate":"https:\/\/uandbjobs.com\/?s={search_term_string}"},"query-input":{"@type":"PropertyValueSpecification","valueRequired":true,"valueName":"search_term_string"}}],"inLanguage":"hu"},{"@type":"Organization","@id":"https:\/\/uandbjobs.com\/#organization","name":"UANDBJOBS","url":"https:\/\/uandbjobs.com\/","logo":{"@type":"ImageObject","inLanguage":"hu","@id":"https:\/\/uandbjobs.com\/#\/schema\/logo\/image\/","url":"https:\/\/uandbjobs.com\/wp-content\/uploads\/2023\/12\/cropped-local.png","contentUrl":"https:\/\/uandbjobs.com\/wp-content\/uploads\/2023\/12\/cropped-local.png","width":512,"height":512,"caption":"UANDBJOBS"},"image":{"@id":"https:\/\/uandbjobs.com\/#\/schema\/logo\/image\/"}}]}},"_links":{"self":[{"href":"https:\/\/uandbjobs.com\/hu\/wp-json\/wp\/v2\/pages\/191","targetHints":{"allow":["GET"]}}],"collection":[{"href":"https:\/\/uandbjobs.com\/hu\/wp-json\/wp\/v2\/pages"}],"about":[{"href":"https:\/\/uandbjobs.com\/hu\/wp-json\/wp\/v2\/types\/page"}],"author":[{"embeddable":true,"href":"https:\/\/uandbjobs.com\/hu\/wp-json\/wp\/v2\/users\/1"}],"replies":[{"embeddable":true,"href":"https:\/\/uandbjobs.com\/hu\/wp-json\/wp\/v2\/comments?post=191"}],"version-history":[{"count":63,"href":"https:\/\/uandbjobs.com\/hu\/wp-json\/wp\/v2\/pages\/191\/revisions"}],"predecessor-version":[{"id":514,"href":"https:\/\/uandbjobs.com\/hu\/wp-json\/wp\/v2\/pages\/191\/revisions\/514"}],"wp:attachment":[{"href":"https:\/\/uandbjobs.com\/hu\/wp-json\/wp\/v2\/media?parent=191"}],"curies":[{"name":"wp","href":"https:\/\/api.w.org\/{rel}","templated":true}]}}